{"id":37,"date":"2021-01-04T10:34:51","date_gmt":"2021-01-04T07:34:51","guid":{"rendered":"https:\/\/www.saykanpamuk.com.tr\/ita\/?page_id=37"},"modified":"2021-01-08T10:52:30","modified_gmt":"2021-01-08T07:52:30","slug":"prodotti","status":"publish","type":"page","link":"https:\/\/www.saykanpamuk.com.tr\/ita\/prodotti\/","title":{"rendered":"PRODOTTI"},"content":{"rendered":"\t\t<div data-elementor-type=\"wp-page\" data-elementor-id=\"37\" class=\"elementor elementor-37\" data-elementor-settings=\"[]\">\n\t\t\t\t\t\t<div class=\"elementor-inner\">\n\t\t\t\t\t\t\t<div class=\"elementor-section-wrap\">\n\t\t\t\t\t\t\t<section class=\"elementor-section elementor-top-section elementor-element elementor-element-9d9981f elementor-section-boxed elementor-section-height-default elementor-section-height-default\" data-id=\"9d9981f\" data-element_type=\"section\">\n\t\t\t\t\t\t<div class=\"elementor-container elementor-column-gap-default\">\n\t\t\t\t\t\t\t<div class=\"elementor-row\">\n\t\t\t\t\t<div class=\"elementor-column elementor-col-100 elementor-top-column elementor-element elementor-element-8fbce47\" data-id=\"8fbce47\" data-element_type=\"column\">\n\t\t\t<div class=\"elementor-column-wrap elementor-element-populated\">\n\t\t\t\t\t\t\t<div class=\"elementor-widget-wrap\">\n\t\t\t\t\t\t<div class=\"elementor-element elementor-element-3263cc4 elementor-hidden-desktop elementor-widget elementor-widget-text-editor\" data-id=\"3263cc4\" data-element_type=\"widget\" data-widget_type=\"text-editor.default\">\n\t\t\t\t<div class=\"elementor-widget-container\">\n\t\t\t\t\t<div class=\"elementor-text-editor elementor-clearfix\"><center><a href=\"https:\/\/www.saykanpamuk.com.tr\/ita\/\"><img loading=\"lazy\" decoding=\"async\" class=\"alignnone wp-image-78 size-full\" src=\"https:\/\/www.saykanpamuk.com.tr\/ita\/wp-content\/uploads\/2021\/01\/italian.png\" alt=\"\" width=\"32\" height=\"32\" \/><\/a>\u00a0<a href=\"https:\/\/www.saykanpamuk.com.tr\/eng\/\"><img loading=\"lazy\" decoding=\"async\" class=\"alignnone wp-image-77 size-full\" src=\"https:\/\/www.saykanpamuk.com.tr\/ita\/wp-content\/uploads\/2021\/01\/Adsiz.png\" alt=\"\" width=\"32\" height=\"32\" \/><\/a> <a href=\"https:\/\/www.saykanpamuk.com.tr\"><img loading=\"lazy\" decoding=\"async\" class=\"alignnone wp-image-79 size-full\" src=\"https:\/\/www.saykanpamuk.com.tr\/ita\/wp-content\/uploads\/2021\/01\/turkish.png\" alt=\"\" width=\"32\" height=\"32\" \/><\/a><\/center><\/div>\n\t\t\t\t<\/div>\n\t\t\t\t<\/div>\n\t\t\t\t\t\t<\/div>\n\t\t\t\t\t<\/div>\n\t\t<\/div>\n\t\t\t\t\t\t\t\t<\/div>\n\t\t\t\t\t<\/div>\n\t\t<\/section>\n\t\t\t\t<section class=\"elementor-section elementor-top-section elementor-element elementor-element-f8c4087 elementor-section-boxed elementor-section-height-default elementor-section-height-default\" data-id=\"f8c4087\" data-element_type=\"section\">\n\t\t\t\t\t\t<div class=\"elementor-container elementor-column-gap-default\">\n\t\t\t\t\t\t\t<div class=\"elementor-row\">\n\t\t\t\t\t<div class=\"elementor-column elementor-col-100 elementor-top-column elementor-element elementor-element-3c2b4b0\" data-id=\"3c2b4b0\" data-element_type=\"column\">\n\t\t\t<div class=\"elementor-column-wrap elementor-element-populated\">\n\t\t\t\t\t\t\t<div class=\"elementor-widget-wrap\">\n\t\t\t\t\t\t<div class=\"elementor-element elementor-element-db03706 elementor-widget elementor-widget-text-editor\" data-id=\"db03706\" data-element_type=\"widget\" data-widget_type=\"text-editor.default\">\n\t\t\t\t<div class=\"elementor-widget-container\">\n\t\t\t\t\t<div class=\"elementor-text-editor elementor-clearfix\"><h3><strong><span style=\"text-decoration: underline;\"><span style=\"color: #0d76a3; text-decoration: underline;\">PRODOTTI\u00a0 \u00a0 \u00a0 \u00a0 \u00a0 \u00a0 \u00a0\u00a0<\/span><\/span><\/strong><\/h3><\/div>\n\t\t\t\t<\/div>\n\t\t\t\t<\/div>\n\t\t\t\t\t\t<\/div>\n\t\t\t\t\t<\/div>\n\t\t<\/div>\n\t\t\t\t\t\t\t\t<\/div>\n\t\t\t\t\t<\/div>\n\t\t<\/section>\n\t\t\t\t<section class=\"elementor-section elementor-top-section elementor-element elementor-element-258f04d elementor-section-boxed elementor-section-height-default elementor-section-height-default\" data-id=\"258f04d\" data-element_type=\"section\">\n\t\t\t\t\t\t<div class=\"elementor-container elementor-column-gap-default\">\n\t\t\t\t\t\t\t<div class=\"elementor-row\">\n\t\t\t\t\t<div class=\"elementor-column elementor-col-50 elementor-top-column elementor-element elementor-element-52694fc\" data-id=\"52694fc\" data-element_type=\"column\">\n\t\t\t<div class=\"elementor-column-wrap elementor-element-populated\">\n\t\t\t\t\t\t\t<div class=\"elementor-widget-wrap\">\n\t\t\t\t\t\t<div class=\"elementor-element elementor-element-bb60567 elementor--h-position-center elementor--v-position-middle elementor-arrows-position-inside elementor-pagination-position-inside elementor-widget elementor-widget-slides\" data-id=\"bb60567\" data-element_type=\"widget\" data-settings=\"{&quot;navigation&quot;:&quot;both&quot;,&quot;autoplay&quot;:&quot;yes&quot;,&quot;pause_on_hover&quot;:&quot;yes&quot;,&quot;pause_on_interaction&quot;:&quot;yes&quot;,&quot;autoplay_speed&quot;:5000,&quot;infinite&quot;:&quot;yes&quot;,&quot;transition&quot;:&quot;slide&quot;,&quot;transition_speed&quot;:500}\" data-widget_type=\"slides.default\">\n\t\t\t\t<div class=\"elementor-widget-container\">\n\t\t\t\t\t<div class=\"elementor-swiper\">\n\t\t\t<div class=\"elementor-slides-wrapper elementor-main-swiper swiper-container\" dir=\"ltr\" data-animation=\"fadeInUp\">\n\t\t\t\t<div class=\"swiper-wrapper elementor-slides\">\n\t\t\t\t\t<div class=\"elementor-repeater-item-83188b7 swiper-slide\"><div class=\"swiper-slide-bg\"><\/div><div class=\"swiper-slide-inner\" ><div class=\"swiper-slide-contents\"><\/div><\/div><\/div><div class=\"elementor-repeater-item-d5b4387 swiper-slide\"><div class=\"swiper-slide-bg\"><\/div><div class=\"swiper-slide-inner\" ><div class=\"swiper-slide-contents\"><\/div><\/div><\/div>\t\t\t\t<\/div>\n\t\t\t\t\t\t\t\t\t\t\t\t\t\t\t<div class=\"swiper-pagination\"><\/div>\n\t\t\t\t\t\t\t\t\t\t\t\t\t\t\t\t<div class=\"elementor-swiper-button elementor-swiper-button-prev\">\n\t\t\t\t\t\t\t<i class=\"eicon-chevron-left\" aria-hidden=\"true\"><\/i>\n\t\t\t\t\t\t\t<span class=\"elementor-screen-only\">Previous<\/span>\n\t\t\t\t\t\t<\/div>\n\t\t\t\t\t\t<div class=\"elementor-swiper-button elementor-swiper-button-next\">\n\t\t\t\t\t\t\t<i class=\"eicon-chevron-right\" aria-hidden=\"true\"><\/i>\n\t\t\t\t\t\t\t<span class=\"elementor-screen-only\">Next<\/span>\n\t\t\t\t\t\t<\/div>\n\t\t\t\t\t\t\t\t\t\t\t\t<\/div>\n\t\t<\/div>\n\t\t\t\t<\/div>\n\t\t\t\t<\/div>\n\t\t\t\t\t\t<\/div>\n\t\t\t\t\t<\/div>\n\t\t<\/div>\n\t\t\t\t<div class=\"elementor-column elementor-col-50 elementor-top-column elementor-element elementor-element-841487e\" data-id=\"841487e\" data-element_type=\"column\">\n\t\t\t<div class=\"elementor-column-wrap elementor-element-populated\">\n\t\t\t\t\t\t\t<div class=\"elementor-widget-wrap\">\n\t\t\t\t\t\t<div class=\"elementor-element elementor-element-90e82c8 elementor-widget elementor-widget-text-editor\" data-id=\"90e82c8\" data-element_type=\"widget\" data-widget_type=\"text-editor.default\">\n\t\t\t\t<div class=\"elementor-widget-container\">\n\t\t\t\t\t<div class=\"elementor-text-editor elementor-clearfix\"><p><strong>La nostra attivit\u00e0 principale consiste in:<\/strong><br \/><strong>Attivit\u00e0 di cascami di cotone<\/strong><\/p><p>Rigorosa selezione delle filature partner, audit e follow-up dei loro processi;<br \/>Importazione ed esportazione di sottoprodotti delle filature di cotone;<br \/>Conservazione e controllo qualit\u00e0.<\/p><p>In base alle preferenze del cliente, tutti i tipi di cotone grezzo pettinato, pettinato e riciclato vengono sbiancati in macchine completamente automatiche. La produzione e i controlli di qualit\u00e0 vengono effettuati in ogni fase, tenendo conto di tutti gli standard di qualit\u00e0.<\/p><p><strong>COTONE SBIANCATO (PETTINATORE)<\/strong><br \/>Il cotone sbiancato, preferito per la sua alta qualit\u00e0 e bianchezza, viene utilizzato nei prodotti medici, cosmetici e non tessuti e in tutte le aree in cui \u00e8 richiesto il cotone. Il perossido di idrogeno viene utilizzato durante lo sbiancamento e viene preparato con circa 180 kg di sacchi di polipropilene e presentato al cliente.<\/p><p><strong>COTONE SBIANCATO (STRISCE)<\/strong><br \/>\u00c8 un prodotto di seconda qualit\u00e0 che pu\u00f2 essere utilizzato in medicina, igiene personale e tutte le altre aree in cui \u00e8 necessario il cotone. Questo prodotto, ad alto potere assorbente, viene preparato con sacchi di polipropilene da circa 180 kg nella nostra struttura e presentato al cliente.<\/p><\/div>\n\t\t\t\t<\/div>\n\t\t\t\t<\/div>\n\t\t\t\t\t\t<\/div>\n\t\t\t\t\t<\/div>\n\t\t<\/div>\n\t\t\t\t\t\t\t\t<\/div>\n\t\t\t\t\t<\/div>\n\t\t<\/section>\n\t\t\t\t<section class=\"elementor-section elementor-top-section elementor-element elementor-element-c3688c8 elementor-section-boxed elementor-section-height-default elementor-section-height-default\" data-id=\"c3688c8\" data-element_type=\"section\">\n\t\t\t\t\t\t<div class=\"elementor-container elementor-column-gap-default\">\n\t\t\t\t\t\t\t<div class=\"elementor-row\">\n\t\t\t\t\t<div class=\"elementor-column elementor-col-100 elementor-top-column elementor-element elementor-element-f56f871\" data-id=\"f56f871\" data-element_type=\"column\">\n\t\t\t<div class=\"elementor-column-wrap elementor-element-populated\">\n\t\t\t\t\t\t\t<div class=\"elementor-widget-wrap\">\n\t\t\t\t\t\t<div class=\"elementor-element elementor-element-4fbdf8f elementor-widget elementor-widget-text-editor\" data-id=\"4fbdf8f\" data-element_type=\"widget\" data-widget_type=\"text-editor.default\">\n\t\t\t\t<div class=\"elementor-widget-container\">\n\t\t\t\t\t<div class=\"elementor-text-editor elementor-clearfix\"><p><strong> <span style=\"color: #0d76a3;\">Saykan<\/span><span style=\"color: #0d76a3;\"> Pamuk \u00a9 2020 | Tutti i diritti riservati | Safransoft<\/span><\/strong><\/p><\/div>\n\t\t\t\t<\/div>\n\t\t\t\t<\/div>\n\t\t\t\t\t\t<\/div>\n\t\t\t\t\t<\/div>\n\t\t<\/div>\n\t\t\t\t\t\t\t\t<\/div>\n\t\t\t\t\t<\/div>\n\t\t<\/section>\n\t\t\t\t\t\t<\/div>\n\t\t\t\t\t\t<\/div>\n\t\t\t\t\t<\/div>\n\t\t","protected":false},"excerpt":{"rendered":"<p>\u00a0 PRODOTTI\u00a0 \u00a0 \u00a0 \u00a0 \u00a0 \u00a0 \u00a0\u00a0 Previous Next La nostra attivit\u00e0 principale consiste in:Attivit\u00e0 di cascami di cotone Rigorosa selezione delle filature partner, audit e follow-up dei loro processi;Importazione ed esportazione di sottoprodotti delle filature di cotone;Conservazione e controllo qualit\u00e0. In base alle preferenze del cliente, tutti i tipi di cotone grezzo pettinato, [&hellip;]<\/p>\n","protected":false},"author":1,"featured_media":0,"parent":0,"menu_order":0,"comment_status":"closed","ping_status":"closed","template":"elementor_header_footer","meta":{"footnotes":""},"class_list":["post-37","page","type-page","status-publish","hentry"],"_links":{"self":[{"href":"https:\/\/www.saykanpamuk.com.tr\/ita\/wp-json\/wp\/v2\/pages\/37","targetHints":{"allow":["GET"]}}],"collection":[{"href":"https:\/\/www.saykanpamuk.com.tr\/ita\/wp-json\/wp\/v2\/pages"}],"about":[{"href":"https:\/\/www.saykanpamuk.com.tr\/ita\/wp-json\/wp\/v2\/types\/page"}],"author":[{"embeddable":true,"href":"https:\/\/www.saykanpamuk.com.tr\/ita\/wp-json\/wp\/v2\/users\/1"}],"replies":[{"embeddable":true,"href":"https:\/\/www.saykanpamuk.com.tr\/ita\/wp-json\/wp\/v2\/comments?post=37"}],"version-history":[{"count":19,"href":"https:\/\/www.saykanpamuk.com.tr\/ita\/wp-json\/wp\/v2\/pages\/37\/revisions"}],"predecessor-version":[{"id":114,"href":"https:\/\/www.saykanpamuk.com.tr\/ita\/wp-json\/wp\/v2\/pages\/37\/revisions\/114"}],"wp:attachment":[{"href":"https:\/\/www.saykanpamuk.com.tr\/ita\/wp-json\/wp\/v2\/media?parent=37"}],"curies":[{"name":"wp","href":"https:\/\/api.w.org\/{rel}","templated":true}]}}